{"id":615,"date":"2019-02-21T09:46:02","date_gmt":"2019-02-21T09:46:02","guid":{"rendered":"http:\/\/oldtimermuseum-nottuln.de\/?page_id=615"},"modified":"2025-02-05T16:17:42","modified_gmt":"2025-02-05T16:17:42","slug":"daimler-sp-250","status":"publish","type":"page","link":"https:\/\/oldtimermuseum-nottuln.de\/?page_id=615","title":{"rendered":"Daimler Sp 250"},"content":{"rendered":"\n<ul id=\"block-74691aac-fcee-4452-ac87-bbf364f3b7df\" class=\"wp-block-list\">\n<li>Baujahr: 1962<\/li>\n\n\n\n<li>Hubraum: 2548 ccm<\/li>\n\n\n\n<li>Leistung: 140 PS<\/li>\n\n\n\n<li>Motor: 8-Zylinder-V-Motor<\/li>\n\n\n\n<li>V-max: 200 kmh<\/li>\n\n\n\n<li>Produktion: 2.648 St\u00fcck<\/li>\n\n\n\n<li>Preis bei Herstellung: 9.200 Euro<\/li>\n<\/ul>\n\n\n<div class=\"wp-block-image\">\n<figure class=\"alignright\"><a href=\"https:\/\/oldtimermuseum-nottuln.de\/wp-content\/uploads\/2019\/02\/PIC_0252Bild03.jpg\"><img loading=\"lazy\" decoding=\"async\" width=\"300\" height=\"225\" src=\"https:\/\/oldtimermuseum-nottuln.de\/wp-content\/uploads\/2019\/02\/PIC_0252Bild03-300x225.jpg\" alt=\"\" class=\"wp-image-618\" srcset=\"https:\/\/oldtimermuseum-nottuln.de\/wp-content\/uploads\/2019\/02\/PIC_0252Bild03-300x225.jpg 300w, https:\/\/oldtimermuseum-nottuln.de\/wp-content\/uploads\/2019\/02\/PIC_0252Bild03-768x576.jpg 768w, https:\/\/oldtimermuseum-nottuln.de\/wp-content\/uploads\/2019\/02\/PIC_0252Bild03-1024x768.jpg 1024w, https:\/\/oldtimermuseum-nottuln.de\/wp-content\/uploads\/2019\/02\/PIC_0252Bild03.jpg 1280w\" sizes=\"auto, (max-width: 300px) 100vw, 300px\" \/><\/a><figcaption class=\"wp-element-caption\">\u0088<\/figcaption><\/figure>\n<\/div>\n\n\n<p>Ich wurde am 19.06.1962 als Daimler Sp 250, als einziger Sportwagen der Firma Daimler in Coventry (Gro\u00dfbritannien) gebaut. Die Firma Daimler wurde 1896 gegr\u00fcndet und 1960 von der Firma Jaguar \u00fcbernommen. Ich besitze eine glasfaserverst\u00e4rkte Kunststoffkarosserie und wurde mit einem 140 PS V-8-Motor ausgestattet. Ich habe rundherum Scheibenbremsen, beschleunige in unter 9sec. auf 100 kmh und erreiche eine H\u00f6chstgeschwindigkeit von \u00fcber 200 kmh.<\/p>\n\n\n\n<p>Ich wurde in die Schweiz ausgeliefert und war von 1962 bis 1969 bei meinem ersten Besitzer.<\/p>\n\n\n\n<p> Mein zweiter Besitzer, ein Antiquit\u00e4tenh\u00e4ndler aus Basel erwarb mich 1969. Von 1982 an, als mein Besitzer starb, wurde ich nicht mehr bewegt und stand 15 Jahre bis 1997 in einer beheizten Garage. <\/p>\n\n\n\n<p>Mein dritter Besitzer, ein John Alan William M. aus Augst (Schweiz), unterzog mich einer umfangreichen Durchsicht f\u00fcr den Weiterkauf. So kam ich im Jahr 1997 zu meinem vierten Besitzer Theodor B. aus Drensteinfurt (Deutschland). Im Jahr 2003 wurde ich von meinem Besitzer, wegen des Erwerbs eines MGA Twin Cam aus den USA, weiterverkauft.<\/p>\n\n\n<div class=\"wp-block-image\">\n<figure class=\"alignleft\"><a href=\"https:\/\/oldtimermuseum-nottuln.de\/wp-content\/uploads\/2019\/02\/PIC_0253Bild04.jpg\"><img loading=\"lazy\" decoding=\"async\" width=\"300\" height=\"225\" src=\"https:\/\/oldtimermuseum-nottuln.de\/wp-content\/uploads\/2019\/02\/PIC_0253Bild04-300x225.jpg\" alt=\"\" class=\"wp-image-619\" srcset=\"https:\/\/oldtimermuseum-nottuln.de\/wp-content\/uploads\/2019\/02\/PIC_0253Bild04-300x225.jpg 300w, https:\/\/oldtimermuseum-nottuln.de\/wp-content\/uploads\/2019\/02\/PIC_0253Bild04-768x576.jpg 768w, https:\/\/oldtimermuseum-nottuln.de\/wp-content\/uploads\/2019\/02\/PIC_0253Bild04-1024x768.jpg 1024w, https:\/\/oldtimermuseum-nottuln.de\/wp-content\/uploads\/2019\/02\/PIC_0253Bild04.jpg 1280w\" sizes=\"auto, (max-width: 300px) 100vw, 300px\" \/><\/a><figcaption class=\"wp-element-caption\">\u0088<\/figcaption><\/figure>\n<\/div>\n\n\n<p>Meine f\u00fcnften Besitzer wurden im Jahr 2003 Monika und Dieter Klopfer, die mich bisher auf zahlreichen Oldtimer-Rallys einsetzten. Wir haben gemeinsam viele Klassen- und Gesamtsiege bei den verschiedensten Veranstaltungen eingefahren. Die unverst\u00e4ndlichen \u00c4u\u00dferungen anderer Oldtimerliebhaber \u00fcber mein au\u00dfergew\u00f6hnliches Aussehen (gestrandeter Karpfen, Fischmaul) sind langsam verstummt. Der Klang des Achtzylindermotors und die beachtlichen Fahrleistungen haben mich zu einem begehrten Sammlerobjekt heranreifen lassen. <\/p>\n\n\n\n<figure class=\"wp-block-image size-large\"><img loading=\"lazy\" decoding=\"async\" width=\"1024\" height=\"576\" src=\"https:\/\/oldtimermuseum-nottuln.de\/wp-content\/uploads\/2025\/02\/DSC02079-1024x576.jpg\" alt=\"\" class=\"wp-image-2483\" srcset=\"https:\/\/oldtimermuseum-nottuln.de\/wp-content\/uploads\/2025\/02\/DSC02079-1024x576.jpg 1024w, https:\/\/oldtimermuseum-nottuln.de\/wp-content\/uploads\/2025\/02\/DSC02079-300x169.jpg 300w, https:\/\/oldtimermuseum-nottuln.de\/wp-content\/uploads\/2025\/02\/DSC02079-768x432.jpg 768w, https:\/\/oldtimermuseum-nottuln.de\/wp-content\/uploads\/2025\/02\/DSC02079-1536x864.jpg 1536w, https:\/\/oldtimermuseum-nottuln.de\/wp-content\/uploads\/2025\/02\/DSC02079-2048x1152.jpg 2048w, https:\/\/oldtimermuseum-nottuln.de\/wp-content\/uploads\/2025\/02\/DSC02079-1110x624.jpg 1110w, https:\/\/oldtimermuseum-nottuln.de\/wp-content\/uploads\/2025\/02\/DSC02079-528x297.jpg 528w\" sizes=\"auto, (max-width: 1024px) 100vw, 1024px\" \/><\/figure>\n","protected":false},"excerpt":{"rendered":"<p>Ich wurde am 19.06.1962 als Daimler Sp 250, als einziger Sportwagen der Firma Daimler in Coventry (Gro\u00dfbritannien) gebaut. Die Firma Daimler wurde 1896 gegr\u00fcndet und 1960 von der Firma Jaguar \u00fcbernommen. Ich besitze eine glasfaserverst\u00e4rkte Kunststoffkarosserie und wurde mit einem 140 PS V-8-Motor ausgestattet. Ich habe rundherum Scheibenbremsen, beschleunige in unter 9sec. auf 100 kmh [&hellip;]<\/p>\n","protected":false},"author":1,"featured_media":0,"parent":0,"menu_order":0,"comment_status":"closed","ping_status":"closed","template":"","meta":{"footnotes":""},"class_list":["post-615","page","type-page","status-publish","czr-hentry"],"_links":{"self":[{"href":"https:\/\/oldtimermuseum-nottuln.de\/index.php?rest_route=\/wp\/v2\/pages\/615","targetHints":{"allow":["GET"]}}],"collection":[{"href":"https:\/\/oldtimermuseum-nottuln.de\/index.php?rest_route=\/wp\/v2\/pages"}],"about":[{"href":"https:\/\/oldtimermuseum-nottuln.de\/index.php?rest_route=\/wp\/v2\/types\/page"}],"author":[{"embeddable":true,"href":"https:\/\/oldtimermuseum-nottuln.de\/index.php?rest_route=\/wp\/v2\/users\/1"}],"replies":[{"embeddable":true,"href":"https:\/\/oldtimermuseum-nottuln.de\/index.php?rest_route=%2Fwp%2Fv2%2Fcomments&post=615"}],"version-history":[{"count":7,"href":"https:\/\/oldtimermuseum-nottuln.de\/index.php?rest_route=\/wp\/v2\/pages\/615\/revisions"}],"predecessor-version":[{"id":2484,"href":"https:\/\/oldtimermuseum-nottuln.de\/index.php?rest_route=\/wp\/v2\/pages\/615\/revisions\/2484"}],"wp:attachment":[{"href":"https:\/\/oldtimermuseum-nottuln.de\/index.php?rest_route=%2Fwp%2Fv2%2Fmedia&parent=615"}],"curies":[{"name":"wp","href":"https:\/\/api.w.org\/{rel}","templated":true}]}}