{"id":55,"date":"2019-01-16T18:41:07","date_gmt":"2019-01-16T18:41:07","guid":{"rendered":"http:\/\/oldtimermuseum-nottuln.de\/?page_id=55"},"modified":"2026-04-15T06:52:33","modified_gmt":"2026-04-15T06:52:33","slug":"wir","status":"publish","type":"page","link":"https:\/\/oldtimermuseum-nottuln.de\/?page_id=55","title":{"rendered":"Kontakte und Besuch"},"content":{"rendered":"\n<p>Die Anmeldung f\u00fcr einem Museumsbesuch geht \u00fcber folgende Kontakte:<\/p>\n\n\n\n<p><strong>Email<\/strong> dieter.klopfer@t-online.de<\/p>\n\n\n\n<p><strong>Telefon<\/strong> +49 2509 400<\/p>\n\n\n\n<p><strong>Anschrift<\/strong> Dieter Klopfer, Steverstra\u00dfe 18, 48301 Nottuln (Verwaltungsadresse)<\/p>\n\n\n\n<p>Die Museumsadresse ist die: Hanns-Martin-Schleyer Stra\u00dfe 4a, 48301 Nottuln (ge\u00f6ffnet mit einem Besucher-Termin, es beinhaltet immer eine F\u00fchrung durch die Ausstellung).<\/p>\n\n\n\n<figure class=\"wp-block-image size-full\"><img loading=\"lazy\" decoding=\"async\" width=\"872\" height=\"509\" src=\"https:\/\/oldtimermuseum-nottuln.de\/wp-content\/uploads\/2023\/12\/visi.jpg\" alt=\"\" class=\"wp-image-2203\" srcset=\"https:\/\/oldtimermuseum-nottuln.de\/wp-content\/uploads\/2023\/12\/visi.jpg 872w, https:\/\/oldtimermuseum-nottuln.de\/wp-content\/uploads\/2023\/12\/visi-300x175.jpg 300w, https:\/\/oldtimermuseum-nottuln.de\/wp-content\/uploads\/2023\/12\/visi-768x448.jpg 768w\" sizes=\"auto, (max-width: 872px) 100vw, 872px\" \/><\/figure>\n\n\n\n<p><strong>Instagram<\/strong>             <a href=\"https:\/\/www.instagram.com\/klopfer_foundation?utm_source=qr&amp;igsh=MTV5bmZ5c25reGhyeQ==\">Klopfer_Foundation .. link<\/a><\/p>\n\n\n\n<figure class=\"wp-block-image size-large is-resized\"><img loading=\"lazy\" decoding=\"async\" width=\"891\" height=\"1024\" src=\"https:\/\/oldtimermuseum-nottuln.de\/wp-content\/uploads\/2026\/04\/klopfer_foundation_qr-891x1024.jpg\" alt=\"\" class=\"wp-image-3386\" style=\"width:300px\" srcset=\"https:\/\/oldtimermuseum-nottuln.de\/wp-content\/uploads\/2026\/04\/klopfer_foundation_qr-891x1024.jpg 891w, https:\/\/oldtimermuseum-nottuln.de\/wp-content\/uploads\/2026\/04\/klopfer_foundation_qr-261x300.jpg 261w, https:\/\/oldtimermuseum-nottuln.de\/wp-content\/uploads\/2026\/04\/klopfer_foundation_qr-768x882.jpg 768w, https:\/\/oldtimermuseum-nottuln.de\/wp-content\/uploads\/2026\/04\/klopfer_foundation_qr-1337x1536.jpg 1337w, https:\/\/oldtimermuseum-nottuln.de\/wp-content\/uploads\/2026\/04\/klopfer_foundation_qr-1783x2048.jpg 1783w\" sizes=\"auto, (max-width: 891px) 100vw, 891px\" \/><\/figure>\n\n\n\n<hr class=\"wp-block-separator has-alpha-channel-opacity\"\/>\n\n\n\n<h2 class=\"wp-block-heading\">\u00dcber uns<\/h2>\n\n\n\n<h3 class=\"wp-block-heading\">Wir vom <strong>Stiftungs-Vorstand<\/strong> sind &#8230;<\/h3>\n\n\n\n<div class=\"wp-block-group\"><div class=\"wp-block-group__inner-container is-layout-flow wp-block-group-is-layout-flow\"><div class=\"wp-block-image\">\n<figure class=\"aligncenter size-full is-resized\"><img loading=\"lazy\" decoding=\"async\" width=\"845\" height=\"270\" src=\"https:\/\/oldtimermuseum-nottuln.de\/wp-content\/uploads\/2022\/10\/02Vorstand.jpg\" alt=\"\" class=\"wp-image-1649\" style=\"aspect-ratio:3.3333333333333335;width:500px\" srcset=\"https:\/\/oldtimermuseum-nottuln.de\/wp-content\/uploads\/2022\/10\/02Vorstand.jpg 845w, https:\/\/oldtimermuseum-nottuln.de\/wp-content\/uploads\/2022\/10\/02Vorstand-300x96.jpg 300w, https:\/\/oldtimermuseum-nottuln.de\/wp-content\/uploads\/2022\/10\/02Vorstand-768x245.jpg 768w\" sizes=\"auto, (max-width: 845px) 100vw, 845px\" \/><\/figure>\n<\/div><\/div><\/div>\n\n\n\n<ul class=\"wp-block-list\">\n<li><strong>Monika Klopfer<\/strong> [Stiftungsgr\u00fcnderin]<\/li>\n\n\n\n<li><strong>Dipl.-Ing. Dieter Klopfer<\/strong> [Stiftungsgr\u00fcnder und Kurator des Museums] &#8230; <a href=\"https:\/\/de.wikipedia.org\/wiki\/Oldtimermuseum_Nottuln\">Wikipedia-Eintrag<\/a> und ein <a href=\"https:\/\/www.bing.com\/images\/search?q=Dieter+Klopfer+Oldtimer&amp;form=HDRSC3&amp;first=1\">Google-Bilder-link<\/a> zur Fam. Klopfer, zur Stiftung und zum Museum<\/li>\n\n\n\n<li><strong>J\u00fcrgen Book<\/strong> [Senior Advisor, Automechanika Classic Car Network] &#8230; link zu Artikeln von \/ \u00fcber J\u00fcrgen Book <a href=\"https:\/\/occ.eu\/artikel\/lack-historie\">&#8222;Die Geschichte des Autolacks&#8220;<\/a> &#8230; <a href=\"https:\/\/schaden.news\/de\/article\/link\/44660\/originalfarbtoene-porsche-356-identifiziert-und-zertifiziert\">&#8222;Originalfarbt\u00f6ne des Porsche 356 identifiziert und zertifiziert, Farb-Arch\u00e4ologie f\u00fcr eine Ikone&#8220;<\/a><\/li>\n\n\n\n<li><strong>Georg Meyering<\/strong> [Klassiker-Enthusiast, -Kenner u. Moderator bei Automobilveranstaltungen] &#8230; Interview- \/ Vortrags- link <a href=\"https:\/\/www.radio-oldtimer.de\/fileadmin\/Download\/verpasste_Sendungen\/interviews-reportagen\/16-11-22_RO_-_Specials_-_Interview-Georg-Meyering.MP3\">Radio-Oldtimer<\/a><\/li>\n<\/ul>\n\n\n\n<h3 class=\"wp-block-heading\">Und wir vom <strong>Stiftungsrat<\/strong> sind &#8230;<\/h3>\n\n\n\n<div class=\"wp-block-group\"><div class=\"wp-block-group__inner-container is-layout-constrained wp-block-group-is-layout-constrained\"><div class=\"wp-block-image\">\n<figure class=\"aligncenter size-full is-resized\"><img loading=\"lazy\" decoding=\"async\" width=\"635\" height=\"267\" src=\"https:\/\/oldtimermuseum-nottuln.de\/wp-content\/uploads\/2022\/10\/02Rat.jpg\" alt=\"\" class=\"wp-image-1648\" style=\"object-fit:cover;width:395px;height:130px\" srcset=\"https:\/\/oldtimermuseum-nottuln.de\/wp-content\/uploads\/2022\/10\/02Rat.jpg 635w, https:\/\/oldtimermuseum-nottuln.de\/wp-content\/uploads\/2022\/10\/02Rat-300x126.jpg 300w\" sizes=\"auto, (max-width: 635px) 100vw, 635px\" \/><\/figure>\n<\/div><\/div><\/div>\n\n\n\n<ul class=\"wp-block-list\">\n<li><strong>Wolfgang Nawrath<\/strong> [Kraftfahrzeug-Mechanik u. -Karosserie]<\/li>\n\n\n\n<li><strong>Karl-Heinz Pawelzik<\/strong> [Modelle-Sammlung] &#8230; Artikel-link \u00fcber \/ zu  <a href=\"https:\/\/www.modell-fahrzeug.com\/modellfahrzeug\/das-oldtimer-museum-in-nottuln-das-fuellhorn\/\">K.-H. Pawelzik, seine Sammel-Leidenschaft und die Ausstellung im Museum<\/a><\/li>\n\n\n\n<li><strong>Dipl.-Ing. Olaf Johannes H\u00e4ner<\/strong> [Medien | Design &amp; Administration Web-site] &#8230; link zum v\/blog <a href=\"http:\/\/classics.report\">classics.report<\/a> und ein Artikel-link zum <a href=\"https:\/\/newsroom.porsche.com\/de\/2021\/produkte\/porsche-klassik-vergleich-914-718-cayman-t-einsteiger-modell-19917.html\">Porsche-Newsroom<\/a><\/li>\n<\/ul>\n\n\n\n<p><\/p>\n\n\n\n<hr class=\"wp-block-separator has-alpha-channel-opacity is-style-wide\"\/>\n\n\n\n<h2 class=\"wp-block-heading\"><strong>Wir sehen uns im Museum!<\/strong><\/h2>\n\n\n\n<figure class=\"wp-block-image size-full\"><img loading=\"lazy\" decoding=\"async\" width=\"1673\" height=\"821\" src=\"https:\/\/oldtimermuseum-nottuln.de\/wp-content\/uploads\/2026\/03\/FIVA-zu-Gast.jpg\" alt=\"\" class=\"wp-image-3283\" style=\"aspect-ratio:16\/9;object-fit:cover\" srcset=\"https:\/\/oldtimermuseum-nottuln.de\/wp-content\/uploads\/2026\/03\/FIVA-zu-Gast.jpg 1673w, https:\/\/oldtimermuseum-nottuln.de\/wp-content\/uploads\/2026\/03\/FIVA-zu-Gast-300x147.jpg 300w, https:\/\/oldtimermuseum-nottuln.de\/wp-content\/uploads\/2026\/03\/FIVA-zu-Gast-1024x503.jpg 1024w, https:\/\/oldtimermuseum-nottuln.de\/wp-content\/uploads\/2026\/03\/FIVA-zu-Gast-768x377.jpg 768w, https:\/\/oldtimermuseum-nottuln.de\/wp-content\/uploads\/2026\/03\/FIVA-zu-Gast-1536x754.jpg 1536w\" sizes=\"auto, (max-width: 1673px) 100vw, 1673px\" \/><\/figure>\n\n\n\n<p>Besuch im M\u00e4rz 2026 vom Oldtimer-Weltverband &#8211; <a href=\"https:\/\/www.fiva.org\/en\">F\u00e9d\u00e9ration Internationale des V\u00e9hicules Anciens &#8211; FIVA.<\/a><br>Rechts i.B. FIVA President Dr. Alberto Scuro und FIVA Senior Vice-President External Relations Jos Theuns.<br>Links i.B. J\u00fcrgen Book, Monika und Dieter Klopfer (Vorst\u00e4nde Stiftung\/Museum).<\/p>\n\n\n\n<div class=\"wp-block-columns is-layout-flex wp-container-core-columns-is-layout-9d6595d7 wp-block-columns-is-layout-flex\">\n<div class=\"wp-block-column is-layout-flow wp-block-column-is-layout-flow\" style=\"flex-basis:100%\">\n<figure class=\"wp-block-image size-full\"><img loading=\"lazy\" decoding=\"async\" width=\"2560\" height=\"1440\" src=\"https:\/\/oldtimermuseum-nottuln.de\/wp-content\/uploads\/2025\/06\/DSC06630-scaled.jpg\" alt=\"\" class=\"wp-image-2819\" style=\"aspect-ratio:16\/9;object-fit:cover\" srcset=\"https:\/\/oldtimermuseum-nottuln.de\/wp-content\/uploads\/2025\/06\/DSC06630-scaled.jpg 2560w, https:\/\/oldtimermuseum-nottuln.de\/wp-content\/uploads\/2025\/06\/DSC06630-300x169.jpg 300w, https:\/\/oldtimermuseum-nottuln.de\/wp-content\/uploads\/2025\/06\/DSC06630-1024x576.jpg 1024w, https:\/\/oldtimermuseum-nottuln.de\/wp-content\/uploads\/2025\/06\/DSC06630-768x432.jpg 768w, https:\/\/oldtimermuseum-nottuln.de\/wp-content\/uploads\/2025\/06\/DSC06630-1536x864.jpg 1536w, https:\/\/oldtimermuseum-nottuln.de\/wp-content\/uploads\/2025\/06\/DSC06630-2048x1152.jpg 2048w, https:\/\/oldtimermuseum-nottuln.de\/wp-content\/uploads\/2025\/06\/DSC06630-1110x624.jpg 1110w, https:\/\/oldtimermuseum-nottuln.de\/wp-content\/uploads\/2025\/06\/DSC06630-528x297.jpg 528w\" sizes=\"auto, (max-width: 2560px) 100vw, 2560px\" \/><\/figure>\n<\/div>\n<\/div>\n\n\n\n<p>Netter Besuch im Juni 2025 vom Chef-Redakteur der AUTO BILD Klassik: Malte Tom B\u00fcttner wird eingerahmt von Vorstand Dieter Klopfer und Stiftungsrat K.-Heinz Pawelzik. Eine ausf\u00fchrliche Besichtigung der Modellwelt und ein Rundgang durch die gro\u00dfe Oldtimer-Sammlung stand am Vormittag auf dem Programm.<\/p>\n\n\n\n<figure class=\"wp-block-image size-full is-resized\"><img loading=\"lazy\" decoding=\"async\" width=\"1600\" height=\"1067\" src=\"https:\/\/oldtimermuseum-nottuln.de\/wp-content\/uploads\/2026\/03\/Lance-Davild-Arnold.jpg\" alt=\"\" class=\"wp-image-3281\" style=\"aspect-ratio:1;object-fit:cover;width:400px\" srcset=\"https:\/\/oldtimermuseum-nottuln.de\/wp-content\/uploads\/2026\/03\/Lance-Davild-Arnold.jpg 1600w, https:\/\/oldtimermuseum-nottuln.de\/wp-content\/uploads\/2026\/03\/Lance-Davild-Arnold-300x200.jpg 300w, https:\/\/oldtimermuseum-nottuln.de\/wp-content\/uploads\/2026\/03\/Lance-Davild-Arnold-1024x683.jpg 1024w, https:\/\/oldtimermuseum-nottuln.de\/wp-content\/uploads\/2026\/03\/Lance-Davild-Arnold-768x512.jpg 768w, https:\/\/oldtimermuseum-nottuln.de\/wp-content\/uploads\/2026\/03\/Lance-Davild-Arnold-1536x1024.jpg 1536w\" sizes=\"auto, (max-width: 1600px) 100vw, 1600px\" \/><\/figure>\n\n\n\n<p>Lance David Arnold (hier ein Pressebild vom Vox-Automobil-Moderator und Rennfahrer) besuchte uns 2025 in Nottuln im Rahmen der Zertifikatsausbildung CEHC. Die Schulungen werden von der WAF Weiterbildungsakademie der Hochschule f\u00fcr Wirtschaft und Umwelt N\u00fcrtingen-Geislingen (HfWU) organisiert &#8211; das Museum war f\u00fcr 2 Tage Tagungsort und Gastgeber.<\/p>\n\n\n\n<figure class=\"wp-block-image size-full\"><img loading=\"lazy\" decoding=\"async\" width=\"1920\" height=\"2560\" src=\"https:\/\/oldtimermuseum-nottuln.de\/wp-content\/uploads\/2026\/03\/Christian-Geistdoerfer-03-scaled.jpg\" alt=\"\" class=\"wp-image-3285\" style=\"aspect-ratio:1;object-fit:cover\" srcset=\"https:\/\/oldtimermuseum-nottuln.de\/wp-content\/uploads\/2026\/03\/Christian-Geistdoerfer-03-scaled.jpg 1920w, https:\/\/oldtimermuseum-nottuln.de\/wp-content\/uploads\/2026\/03\/Christian-Geistdoerfer-03-225x300.jpg 225w, https:\/\/oldtimermuseum-nottuln.de\/wp-content\/uploads\/2026\/03\/Christian-Geistdoerfer-03-768x1024.jpg 768w, https:\/\/oldtimermuseum-nottuln.de\/wp-content\/uploads\/2026\/03\/Christian-Geistdoerfer-03-1152x1536.jpg 1152w, https:\/\/oldtimermuseum-nottuln.de\/wp-content\/uploads\/2026\/03\/Christian-Geistdoerfer-03-1536x2048.jpg 1536w\" sizes=\"auto, (max-width: 1920px) 100vw, 1920px\" \/><\/figure>\n\n\n\n<p>Oben i.B. Christian Geistd\u00f6rfer, der &#8222;Copilot&#8220; und Motorsportler, der zusammen mit Walter R\u00f6hrl Siege und Auszeichnungen in quasi allen motorsportlichen Leistungen \/ Rallye-Sport erhielt. Hier zusammen mit Dieter Klopfer (Vorstand) vor dem Museum in Nottuln.<\/p>\n\n\n\n<p>Unten i.B. Mario Theissen (u.a. Motorsportdirektor von 1999 bis 2011 bei BMW) mit Ehefrau Ulrike zu Besuch in Nottuln. J\u00fcrgen Book zeigte einzelne Exponate im Museum.<\/p>\n\n\n\n<figure class=\"wp-block-image size-full is-resized\"><img loading=\"lazy\" decoding=\"async\" width=\"1506\" height=\"1813\" src=\"https:\/\/oldtimermuseum-nottuln.de\/wp-content\/uploads\/2026\/03\/Mario-Theissen.jpg\" alt=\"\" class=\"wp-image-3287\" style=\"width:400px\" srcset=\"https:\/\/oldtimermuseum-nottuln.de\/wp-content\/uploads\/2026\/03\/Mario-Theissen.jpg 1506w, https:\/\/oldtimermuseum-nottuln.de\/wp-content\/uploads\/2026\/03\/Mario-Theissen-249x300.jpg 249w, https:\/\/oldtimermuseum-nottuln.de\/wp-content\/uploads\/2026\/03\/Mario-Theissen-851x1024.jpg 851w, https:\/\/oldtimermuseum-nottuln.de\/wp-content\/uploads\/2026\/03\/Mario-Theissen-768x925.jpg 768w, https:\/\/oldtimermuseum-nottuln.de\/wp-content\/uploads\/2026\/03\/Mario-Theissen-1276x1536.jpg 1276w\" sizes=\"auto, (max-width: 1506px) 100vw, 1506px\" \/><\/figure>\n\n\n\n<h3 class=\"wp-block-heading\"><strong>&#8230;. und die vielen, vielen Besucher, die am Museum mit ihren au\u00dfergew\u00f6hnlichen Fahrzeugen vorfahren<\/strong> &#8211; hier eine kleine Auswahl:<\/h3>\n\n\n\n<div class=\"wp-block-group\"><div class=\"wp-block-group__inner-container is-layout-constrained wp-block-group-is-layout-constrained\">\n<figure class=\"wp-block-image size-full\"><img loading=\"lazy\" decoding=\"async\" width=\"1200\" height=\"900\" src=\"https:\/\/oldtimermuseum-nottuln.de\/wp-content\/uploads\/2021\/03\/17_IMG_3596.jpg\" alt=\"\" class=\"wp-image-1129\" style=\"aspect-ratio:16\/9;object-fit:cover\" srcset=\"https:\/\/oldtimermuseum-nottuln.de\/wp-content\/uploads\/2021\/03\/17_IMG_3596.jpg 1200w, https:\/\/oldtimermuseum-nottuln.de\/wp-content\/uploads\/2021\/03\/17_IMG_3596-300x225.jpg 300w, https:\/\/oldtimermuseum-nottuln.de\/wp-content\/uploads\/2021\/03\/17_IMG_3596-1024x768.jpg 1024w, https:\/\/oldtimermuseum-nottuln.de\/wp-content\/uploads\/2021\/03\/17_IMG_3596-768x576.jpg 768w\" sizes=\"auto, (max-width: 1200px) 100vw, 1200px\" \/><\/figure>\n<\/div><\/div>\n\n\n\n<p><strong>Cord 810, Auburn Indiana USA<\/strong><\/p>\n\n\n\n<div class=\"wp-block-group\"><div class=\"wp-block-group__inner-container is-layout-constrained wp-block-group-is-layout-constrained\">\n<figure class=\"wp-block-image size-full\"><img loading=\"lazy\" decoding=\"async\" width=\"1110\" height=\"739\" src=\"https:\/\/oldtimermuseum-nottuln.de\/wp-content\/uploads\/2019\/01\/Bild13.png\" alt=\"\" class=\"wp-image-442\" style=\"aspect-ratio:16\/9;object-fit:cover\" srcset=\"https:\/\/oldtimermuseum-nottuln.de\/wp-content\/uploads\/2019\/01\/Bild13.png 1110w, https:\/\/oldtimermuseum-nottuln.de\/wp-content\/uploads\/2019\/01\/Bild13-300x200.png 300w, https:\/\/oldtimermuseum-nottuln.de\/wp-content\/uploads\/2019\/01\/Bild13-768x511.png 768w, https:\/\/oldtimermuseum-nottuln.de\/wp-content\/uploads\/2019\/01\/Bild13-1024x682.png 1024w\" sizes=\"auto, (max-width: 1110px) 100vw, 1110px\" \/><\/figure>\n<\/div><\/div>\n\n\n\n<p><strong>Jaguar E-Type, Coventry West-Midlands England<\/strong><\/p>\n\n\n\n<div class=\"wp-block-group\"><div class=\"wp-block-group__inner-container is-layout-constrained wp-block-group-is-layout-constrained\">\n<figure class=\"wp-block-image size-large\"><img loading=\"lazy\" decoding=\"async\" width=\"1024\" height=\"576\" src=\"https:\/\/oldtimermuseum-nottuln.de\/wp-content\/uploads\/2022\/10\/DSC02167-1024x576.jpg\" alt=\"\" class=\"wp-image-1659\" style=\"aspect-ratio:16\/9;object-fit:cover\" srcset=\"https:\/\/oldtimermuseum-nottuln.de\/wp-content\/uploads\/2022\/10\/DSC02167-1024x576.jpg 1024w, https:\/\/oldtimermuseum-nottuln.de\/wp-content\/uploads\/2022\/10\/DSC02167-300x169.jpg 300w, https:\/\/oldtimermuseum-nottuln.de\/wp-content\/uploads\/2022\/10\/DSC02167-768x432.jpg 768w, https:\/\/oldtimermuseum-nottuln.de\/wp-content\/uploads\/2022\/10\/DSC02167-1536x864.jpg 1536w, https:\/\/oldtimermuseum-nottuln.de\/wp-content\/uploads\/2022\/10\/DSC02167-2048x1152.jpg 2048w\" sizes=\"auto, (max-width: 1024px) 100vw, 1024px\" \/><\/figure>\n<\/div><\/div>\n\n\n\n<p><strong>BMW 326, Eisenach Deutschland<\/strong><\/p>\n","protected":false},"excerpt":{"rendered":"<p>Die Anmeldung f\u00fcr einem Museumsbesuch geht \u00fcber folgende Kontakte: Email dieter.klopfer@t-online.de Telefon +49 2509 400 Anschrift Dieter Klopfer, Steverstra\u00dfe 18, 48301 Nottuln (Verwaltungsadresse) Die Museumsadresse ist die: Hanns-Martin-Schleyer Stra\u00dfe 4a, 48301 Nottuln (ge\u00f6ffnet mit einem Besucher-Termin, es beinhaltet immer eine F\u00fchrung durch die Ausstellung). Instagram Klopfer_Foundation .. link \u00dcber uns Wir vom Stiftungs-Vorstand sind &#8230; [&hellip;]<\/p>\n","protected":false},"author":1,"featured_media":0,"parent":0,"menu_order":0,"comment_status":"closed","ping_status":"closed","template":"","meta":{"footnotes":""},"class_list":["post-55","page","type-page","status-publish","czr-hentry"],"_links":{"self":[{"href":"https:\/\/oldtimermuseum-nottuln.de\/index.php?rest_route=\/wp\/v2\/pages\/55","targetHints":{"allow":["GET"]}}],"collection":[{"href":"https:\/\/oldtimermuseum-nottuln.de\/index.php?rest_route=\/wp\/v2\/pages"}],"about":[{"href":"https:\/\/oldtimermuseum-nottuln.de\/index.php?rest_route=\/wp\/v2\/types\/page"}],"author":[{"embeddable":true,"href":"https:\/\/oldtimermuseum-nottuln.de\/index.php?rest_route=\/wp\/v2\/users\/1"}],"replies":[{"embeddable":true,"href":"https:\/\/oldtimermuseum-nottuln.de\/index.php?rest_route=%2Fwp%2Fv2%2Fcomments&post=55"}],"version-history":[{"count":249,"href":"https:\/\/oldtimermuseum-nottuln.de\/index.php?rest_route=\/wp\/v2\/pages\/55\/revisions"}],"predecessor-version":[{"id":3416,"href":"https:\/\/oldtimermuseum-nottuln.de\/index.php?rest_route=\/wp\/v2\/pages\/55\/revisions\/3416"}],"wp:attachment":[{"href":"https:\/\/oldtimermuseum-nottuln.de\/index.php?rest_route=%2Fwp%2Fv2%2Fmedia&parent=55"}],"curies":[{"name":"wp","href":"https:\/\/api.w.org\/{rel}","templated":true}]}}